{"id":10241,"date":"2019-11-26T11:41:23","date_gmt":"2019-11-26T09:41:23","guid":{"rendered":"http:\/\/shb.sk\/shb\/?page_id=10241"},"modified":"2021-04-21T16:26:15","modified_gmt":"2021-04-21T14:26:15","slug":"new_uvod","status":"publish","type":"page","link":"https:\/\/shb.sk\/shb\/","title":{"rendered":"NEW_UVOD"},"content":{"rendered":"<p>[et_pb_section fb_built=&#8221;1&#8243; fullwidth=&#8221;on&#8221; _builder_version=&#8221;4.0.6&#8243;][et_pb_fullwidth_slider _builder_version=&#8221;4.7.3&#8243; header_level=&#8221;h5&#8243; auto=&#8221;on&#8221; auto_speed=&#8221;10000&#8243; hover_enabled=&#8221;0&#8243; sticky_enabled=&#8221;0&#8243;][et_pb_slide heading=&#8221;Turistick\u00e1 ubytov\u0148a znovu OTVOREN\u00c1.&#8221; use_bg_overlay=&#8221;off&#8221; use_text_overlay=&#8221;on&#8221; text_overlay_color=&#8221;rgba(0,0,0,0.67)&#8221; text_border_radius=&#8221;20px&#8221; _builder_version=&#8221;4.7.3&#8243; header_font=&#8221;Saira Semi Condensed|700||on|||||&#8221; header_font_size=&#8221;55px&#8221; body_font=&#8221;Saira Semi Condensed||||||||&#8221; body_line_height=&#8221;1.8em&#8221; background_enable_color=&#8221;off&#8221; background_image=&#8221;http:\/\/shb.sk\/shb\/wp-content\/uploads\/2019\/02\/baner-leto.jpg&#8221; background_enable_image=&#8221;on&#8221; hover_enabled=&#8221;0&#8243; button_alignment_tablet=&#8221;&#8221; button_alignment_phone=&#8221;center&#8221; button_alignment_last_edited=&#8221;on|phone&#8221; sticky_transition=&#8221;on&#8221; sticky_enabled=&#8221;0&#8243;]<\/p>\n<p style=\"text-align: center;\">Te\u0161\u00edme sa na va\u0161u n\u00e1v\u0161tevu.<\/p>\n<p>&nbsp;<\/p>\n<p>[\/et_pb_slide][et_pb_slide heading=&#8221;Sme tu pre v\u00e1s u\u017e od roku 2011&#8243; use_bg_overlay=&#8221;off&#8221; use_text_overlay=&#8221;on&#8221; text_overlay_color=&#8221;rgba(0,0,0,0.67)&#8221; text_border_radius=&#8221;20px&#8221; _builder_version=&#8221;4.7.3&#8243; header_font=&#8221;Saira Semi Condensed|700||on|||||&#8221; header_font_size=&#8221;55px&#8221; body_font=&#8221;Saira Semi Condensed||||||||&#8221; body_line_height=&#8221;1.8em&#8221; background_enable_color=&#8221;off&#8221; background_image=&#8221;http:\/\/shb.sk\/shb\/wp-content\/uploads\/2019\/02\/baner-leto.jpg&#8221; background_enable_image=&#8221;on&#8221; hover_enabled=&#8221;0&#8243; button_alignment_tablet=&#8221;&#8221; button_alignment_phone=&#8221;center&#8221; button_alignment_last_edited=&#8221;on|phone&#8221; sticky_transition=&#8221;on&#8221; sticky_enabled=&#8221;0&#8243;]<\/p>\n<p>Pon\u00fakame ubytovanie v n\u00e1dhernej lokalite v centre \u0160trbsk\u00e9ho Plesa za dostupn\u00fa cenu pre t\u00fdch, ktor\u00ed si\u00a0 nepotrpia na hotelov\u00fd luxus. M\u00e1me pre v\u00e1s pripraven\u00fdch nieko\u013eko typov izieb od 2 a\u017e po 6 l\u00f4\u017ekov\u00e9. apartm\u00e1ny, garsonky pre rodiny s detmi \u010di uzavret\u00e9 partie a hostelov\u00e9 izby pre turistov a \u0161portovcov.<br \/> Na\u0161a ubytov\u0148a je otvoren\u00e1 s celoro\u010dnou prev\u00e1dzkou.<br \/> Stravu v\u00e1m poskytn\u00fa okolit\u00e9 stravovacie zariadenia, alebo si ju viete pripravi\u0165 priamo v ubytovni.<br \/> Pre ubytovan\u00fdch je za\u00a0 poplatok 5eur na pobyt k dispoz\u00edcii parkovacie st\u00e1tie vo dvore.<\/p>\n<p style=\"text-align: center;\"><a class=\"et_pb_more_button et_pb_button slider_button_style\" href=\"sluzby\">VIAC INFO.<\/a>\u00a0 \u00a0 \u00a0 \u00a0 <a class=\"et_pb_more_button et_pb_button slider_button_style\" href=\"http:\/\/www.zivekamery.sk\/webkamera-live\/160-panorama-vysokych-tatier \">ONLINE KAMERA<\/a><\/p>\n<p>[\/et_pb_slide][et_pb_slide heading=&#8221;Aj v lete aj v zime &#8221; use_bg_overlay=&#8221;off&#8221; use_text_overlay=&#8221;on&#8221; text_overlay_color=&#8221;rgba(0,0,0,0.67)&#8221; text_border_radius=&#8221;20px&#8221; _builder_version=&#8221;4.0.6&#8243; header_font=&#8221;Saira Semi Condensed|700||on|||||&#8221; header_font_size=&#8221;55px&#8221; body_font=&#8221;Saira Semi Condensed||||||||&#8221; body_line_height=&#8221;1.8em&#8221; background_enable_color=&#8221;off&#8221; background_image=&#8221;http:\/\/shb.sk\/shb\/wp-content\/uploads\/2019\/11\/nizne-temnosmrecinske-pleso66138076.jpg&#8221; background_enable_image=&#8221;on&#8221; button_alignment_tablet=&#8221;&#8221; button_alignment_phone=&#8221;center&#8221; button_alignment_last_edited=&#8221;on|phone&#8221; sticky_transition=&#8221;on&#8221;]<\/p>\n<p style=\"text-align: center;\">Pr\u00edle\u017eitosti na mnoh\u00e9 letn\u00e9 aj zimn\u00e9\u00a0 aktivity<\/p>\n<p style=\"text-align: center;\"><a class=\"et_pb_more_button et_pb_button slider_button_style\" href=\"sluzby\">VIAC INFO.<\/a>\u00a0 \u00a0 \u00a0 \u00a0 <a class=\"et_pb_more_button et_pb_button slider_button_style\" href=\"http:\/\/www.zivekamery.sk\/webkamera-live\/160-panorama-vysokych-tatier \">ONLINE KAMERA<\/a><\/p>\n<p>[\/et_pb_slide][et_pb_slide heading=&#8221;Jednoduch\u00e1 dostupnos\u0165&#8221; use_bg_overlay=&#8221;off&#8221; use_text_overlay=&#8221;on&#8221; text_overlay_color=&#8221;rgba(0,0,0,0.67)&#8221; text_border_radius=&#8221;20px&#8221; _builder_version=&#8221;4.0.6&#8243; header_font=&#8221;Saira Semi Condensed|700||on|||||&#8221; header_font_size=&#8221;55px&#8221; body_font=&#8221;Saira Semi Condensed||||||||&#8221; body_line_height=&#8221;1.8em&#8221; background_enable_color=&#8221;off&#8221; background_image=&#8221;http:\/\/shb.sk\/shb\/wp-content\/uploads\/2019\/02\/vlak_02-627&#215;376.jpg&#8221; background_enable_image=&#8221;on&#8221; button_alignment_tablet=&#8221;&#8221; button_alignment_phone=&#8221;center&#8221; button_alignment_last_edited=&#8221;on|phone&#8221; sticky_transition=&#8221;on&#8221;]<\/p>\n<p>vlakom, autom aj autobusom\u00a0<\/p>\n<p style=\"text-align: center;\"><a class=\"et_pb_more_button et_pb_button slider_button_style\" href=\"sluzby\">VIAC INFO.<\/a>\u00a0 \u00a0 \u00a0 \u00a0 <a class=\"et_pb_more_button et_pb_button slider_button_style\" href=\"http:\/\/www.zivekamery.sk\/webkamera-live\/160-panorama-vysokych-tatier \">ONLINE KAMERA<\/a><\/p>\n<p>[\/et_pb_slide][et_pb_slide use_bg_overlay=&#8221;off&#8221; use_text_overlay=&#8221;off&#8221; _builder_version=&#8221;4.7.3&#8243; header_font=&#8221;Saira Semi Condensed|700||on|||||&#8221; header_font_size=&#8221;55px&#8221; body_font=&#8221;Saira Semi Condensed||||||||&#8221; body_line_height=&#8221;1.8em&#8221; background_enable_color=&#8221;off&#8221; background_image=&#8221;http:\/\/shb.sk\/shb\/wp-content\/uploads\/2019\/02\/P1311295.jpg&#8221; background_enable_image=&#8221;on&#8221; button_alignment_tablet=&#8221;&#8221; button_alignment_phone=&#8221;center&#8221; button_alignment_last_edited=&#8221;on|phone&#8221; sticky_transition=&#8221;on&#8221;]<\/p>\n<p>&nbsp;<\/p>\n<p>&nbsp;<\/p>\n<p>&nbsp;<\/p>\n<p>&nbsp;<\/p>\n<p>&nbsp;<\/p>\n<p style=\"text-align: center;\"><a class=\"et_pb_more_button et_pb_button slider_button_style\" href=\"sluzby\">VIAC INFO.<\/a>\u00a0 \u00a0 \u00a0 \u00a0 <a class=\"et_pb_more_button et_pb_button slider_button_style\" href=\"http:\/\/www.zivekamery.sk\/webkamera-live\/160-panorama-vysokych-tatier \">ONLINE KAMERA<\/a><\/p>\n<p>[\/et_pb_slide][et_pb_slide heading=&#8221;V\u00fdborn\u00e1 poloha&#8221; use_bg_overlay=&#8221;off&#8221; use_text_overlay=&#8221;on&#8221; text_overlay_color=&#8221;rgba(0,0,0,0.67)&#8221; text_border_radius=&#8221;20px&#8221; _builder_version=&#8221;4.0.6&#8243; header_font=&#8221;Saira Semi Condensed|700||on|||||&#8221; header_font_size=&#8221;55px&#8221; body_font=&#8221;Saira Semi Condensed||||||||&#8221; body_line_height=&#8221;1.8em&#8221; background_enable_color=&#8221;off&#8221; background_image=&#8221;http:\/\/shb.sk\/shb\/wp-content\/uploads\/2019\/02\/SHB-strbske-pleso-1280&#215;640.jpeg&#8221; background_enable_image=&#8221;on&#8221; button_alignment_tablet=&#8221;&#8221; button_alignment_phone=&#8221;center&#8221; button_alignment_last_edited=&#8221;on|phone&#8221; sticky_transition=&#8221;on&#8221;]<\/p>\n<p>V\u00a0centre \u0160trbsk\u00e9ho Plesa.<br \/> kompletn\u00e9 inform\u00e1cie n\u00e1jdete na z\u00e1lo\u017eke poloha a inform\u00e1cie<\/p>\n<p style=\"text-align: center;\"><a class=\"et_pb_more_button et_pb_button slider_button_style\" href=\"sluzby\">VIAC INFO.<\/a>\u00a0 \u00a0 \u00a0 \u00a0 <a class=\"et_pb_more_button et_pb_button slider_button_style\" href=\"http:\/\/www.zivekamery.sk\/webkamera-live\/160-panorama-vysokych-tatier \">ONLINE KAMERA<\/a><\/p>\n<p>[\/et_pb_slide][et_pb_slide heading=&#8221;Aj v zime aj v lete&#8221; use_bg_overlay=&#8221;off&#8221; use_text_overlay=&#8221;on&#8221; text_overlay_color=&#8221;rgba(0,0,0,0.67)&#8221; text_border_radius=&#8221;20px&#8221; _builder_version=&#8221;4.0.6&#8243; header_font=&#8221;Saira Semi Condensed|700||on|||||&#8221; header_font_size=&#8221;55px&#8221; body_font=&#8221;Saira Semi Condensed||||||||&#8221; body_line_height=&#8221;1.8em&#8221; background_enable_color=&#8221;off&#8221; background_image=&#8221;http:\/\/shb.sk\/shb\/wp-content\/uploads\/2019\/11\/nizne-temnosmrecinske-pleso66138076.jpg&#8221; background_enable_image=&#8221;on&#8221; button_alignment_tablet=&#8221;&#8221; button_alignment_phone=&#8221;center&#8221; button_alignment_last_edited=&#8221;on|phone&#8221; sticky_transition=&#8221;on&#8221;]<\/p>\n<p style=\"text-align: center;\">Pr\u00edle\u017eitosti na mnoh\u00e9 zimn\u00e9 aj letn\u00e9 aktivity<\/p>\n<p style=\"text-align: center;\"><a class=\"et_pb_more_button et_pb_button slider_button_style\" href=\"sluzby\">VIAC INFO.<\/a>\u00a0 \u00a0 \u00a0 \u00a0 <a class=\"et_pb_more_button et_pb_button slider_button_style\" href=\"http:\/\/www.zivekamery.sk\/webkamera-live\/160-panorama-vysokych-tatier \">ONLINE KAMERA<\/a><\/p>\n<p>[\/et_pb_slide][\/et_pb_fullwidth_slider][\/et_pb_section]<\/p>\n","protected":false},"excerpt":{"rendered":"<p>[et_pb_section fb_built=&#8221;1&#8243; fullwidth=&#8221;on&#8221; _builder_version=&#8221;4.0.6&#8243;][et_pb_fullwidth_slider _builder_version=&#8221;4.7.3&#8243; header_level=&#8221;h5&#8243; auto=&#8221;on&#8221; auto_speed=&#8221;10000&#8243; hover_enabled=&#8221;0&#8243; sticky_enabled=&#8221;0&#8243;][et_pb_slide heading=&#8221;Turistick\u00e1 ubytov\u0148a znovu OTVOREN\u00c1.&#8221; use_bg_overlay=&#8221;off&#8221; use_text_overlay=&#8221;on&#8221; text_overlay_color=&#8221;rgba(0,0,0,0.67)&#8221; text_border_radius=&#8221;20px&#8221; _builder_version=&#8221;4.7.3&#8243; header_font=&#8221;Saira Semi Condensed|700||on|||||&#8221; header_font_size=&#8221;55px&#8221; body_font=&#8221;Saira Semi Condensed||||||||&#8221; body_line_height=&#8221;1.8em&#8221; background_enable_color=&#8221;off&#8221; background_image=&#8221;http:\/\/shb.sk\/shb\/wp-content\/uploads\/2019\/02\/baner-leto.jpg&#8221; background_enable_image=&#8221;on&#8221; hover_enabled=&#8221;0&#8243; button_alignment_tablet=&#8221;&#8221; button_alignment_phone=&#8221;center&#8221; button_alignment_last_edited=&#8221;on|phone&#8221; sticky_transition=&#8221;on&#8221; sticky_enabled=&#8221;0&#8243;] Te\u0161\u00edme sa na va\u0161u n\u00e1v\u0161tevu. &nbsp; [\/et_pb_slide][et_pb_slide heading=&#8221;Sme tu pre v\u00e1s u\u017e od roku 2011&#8243; use_bg_overlay=&#8221;off&#8221; use_text_overlay=&#8221;on&#8221; text_overlay_color=&#8221;rgba(0,0,0,0.67)&#8221; text_border_radius=&#8221;20px&#8221; [&hellip;]<\/p>\n","protected":false},"author":4,"featured_media":0,"parent":0,"menu_order":0,"comment_status":"closed","ping_status":"closed","template":"","meta":{"_et_pb_use_builder":"on","_et_pb_old_content":"","_et_gb_content_width":"","footnotes":""},"class_list":["post-10241","page","type-page","status-publish","hentry"],"_links":{"self":[{"href":"https:\/\/shb.sk\/shb\/wp-json\/wp\/v2\/pages\/10241","targetHints":{"allow":["GET"]}}],"collection":[{"href":"https:\/\/shb.sk\/shb\/wp-json\/wp\/v2\/pages"}],"about":[{"href":"https:\/\/shb.sk\/shb\/wp-json\/wp\/v2\/types\/page"}],"author":[{"embeddable":true,"href":"https:\/\/shb.sk\/shb\/wp-json\/wp\/v2\/users\/4"}],"replies":[{"embeddable":true,"href":"https:\/\/shb.sk\/shb\/wp-json\/wp\/v2\/comments?post=10241"}],"version-history":[{"count":0,"href":"https:\/\/shb.sk\/shb\/wp-json\/wp\/v2\/pages\/10241\/revisions"}],"wp:attachment":[{"href":"https:\/\/shb.sk\/shb\/wp-json\/wp\/v2\/media?parent=10241"}],"curies":[{"name":"wp","href":"https:\/\/api.w.org\/{rel}","templated":true}]}}