{"id":20,"date":"2019-01-29T12:12:07","date_gmt":"2019-01-29T11:12:07","guid":{"rendered":"http:\/\/shb.sk\/shb\/?page_id=20"},"modified":"2019-11-25T10:12:37","modified_gmt":"2019-11-25T08:12:37","slug":"20-2","status":"publish","type":"page","link":"https:\/\/shb.sk\/shb\/20-2\/","title":{"rendered":"\u00favod"},"content":{"rendered":"<p>[et_pb_section fb_built=&#8221;1&#8243; fullwidth=&#8221;on&#8221; disabled_on=&#8221;off|off|off&#8221; admin_label=&#8221;Hero&#8221; _builder_version=&#8221;3.22.3&#8243; parallax=&#8221;on&#8221; max_width=&#8221;200%&#8221; custom_margin=&#8221;-46px||0px|&#8221; custom_padding=&#8221;0|0px|0|0|false|false&#8221; top_divider_height=&#8221;192px&#8221; top_divider_repeat=&#8221;3x&#8221; hover_enabled=&#8221;0&#8243; transparent_background=&#8221;on&#8221;][et_pb_fullwidth_slider _builder_version=&#8221;3.26&#8243; header_level=&#8221;h1&#8243; header_font=&#8221;Saira Semi Condensed|||on|||||&#8221; header_font_size=&#8221;40px&#8221; body_font=&#8221;Saira Semi Condensed||||||||&#8221; body_text_align=&#8221;center&#8221; background_image=&#8221;http:\/\/shb.sk\/shb\/wp-content\/uploads\/2019\/02\/vlak_02-627&#215;376.jpg&#8221; background_blend=&#8221;screen&#8221; custom_button=&#8221;on&#8221; button_font=&#8221;Saira Semi Condensed|700|||||||&#8221; button_icon=&#8221;%%24%%&#8221; button_on_hover=&#8221;off&#8221; button_alignment=&#8221;center&#8221; module_alignment=&#8221;center&#8221; height=&#8221;800px&#8221; custom_margin=&#8221;||&#8221; custom_padding=&#8221;50px||123px||false|&#8221; hover_transition_duration=&#8221;200ms&#8221; hover_enabled=&#8221;0&#8243;][et_pb_slide heading=&#8221;Sme tu pre v\u00e1s u\u017e od roku 2010&#8243; button_text=&#8221;VIAC INFORM\u00c1CI\u00cd&#8221; button_link=&#8221;http:\/\/shb.sk\/shb\/sluzby\/&#8221; use_bg_overlay=&#8221;on&#8221; bg_overlay_color=&#8221;rgba(0,0,0,0.66)&#8221; use_text_overlay=&#8221;off&#8221; arrows_custom_color=&#8221;#FFFFFF&#8221; dot_nav_custom_color=&#8221;#FFFFFF&#8221; _builder_version=&#8221;3.26&#8243; header_font=&#8221;Saira Semi Condensed|700||on|||||&#8221; header_text_align=&#8221;center&#8221; header_font_size=&#8221;60px&#8221; body_font=&#8221;Saira Semi Condensed||||||||&#8221; body_text_align=&#8221;left&#8221; body_font_size=&#8221;18px&#8221; body_line_height=&#8221;1.5em&#8221; background_color=&#8221;rgba(0,0,0,0)&#8221; background_image=&#8221;http:\/\/shb.sk\/shb\/wp-content\/uploads\/2019\/02\/baner-leto.jpg&#8221; custom_button=&#8221;on&#8221; button_text_size=&#8221;17px&#8221; button_text_color=&#8221;#ffffff&#8221; button_bg_color=&#8221;#0c71c3&#8243; button_border_color=&#8221;#0c71c3&#8243; button_font=&#8221;||||||||&#8221; button_use_icon=&#8221;on&#8221; button_icon=&#8221;%%24%%&#8221; button_icon_color=&#8221;#ffffff&#8221; button_on_hover=&#8221;off&#8221; button_alignment=&#8221;center&#8221; text_orientation=&#8221;left&#8221; custom_padding=&#8221;||||true&#8221; header_font_tablet=&#8221;&#8221; header_font_phone=&#8221;&#8221; header_font_last_edited=&#8221;on|phone&#8221; header_font_size_tablet=&#8221;&#8221; header_font_size_phone=&#8221;40px&#8221; header_font_size_last_edited=&#8221;on|phone&#8221; body_font_size_tablet=&#8221;&#8221; body_font_size_phone=&#8221;14px&#8221; body_font_size_last_edited=&#8221;on|phone&#8221; button_text_size_tablet=&#8221;&#8221; button_text_size_phone=&#8221;14px&#8221; button_text_size_last_edited=&#8221;on|phone&#8221;]<\/p>\n<p style=\"text-align: center;\">Pon\u00fakame ubytovanie v n\u00e1dhernej lokalite v centre \u0160trbsk\u00e9ho Plesa za dostupn\u00fa cenu pre t\u00fdch, ktor\u00ed si\u00a0 nepotrpia na hotelov\u00fd luxus. M\u00e1me pre v\u00e1s pripraven\u00fdch nieko\u013eko typov izieb od 2 a\u017e po 6 l\u00f4\u017ekov\u00e9. apartm\u00e1ny, garsonky pre rodiny s detmi \u010di uzavret\u00e9 partie a hostelov\u00e9 izby pre turistov a \u0161portovcov.<br \/> <strong>Na\u0161a ubytov\u0148a je otvoren\u00e1 s celoro\u010dnou prev\u00e1dzkou.<\/strong><br \/> Stravu v\u00e1m poskytn\u00fa okolit\u00e9 stravovacie zariadenia, alebo si ju viete pripravi\u0165 priamo v ubytovni.<br \/> Pre ubytovan\u00fdch je za\u00a0 poplatok 5eur na pobyt k dispoz\u00edcii parkovacie st\u00e1tie vo dvore.<\/p>\n<p>[\/et_pb_slide][et_pb_slide heading=&#8221;Aj v lete aj v zime &#8221; button_text=&#8221;VIAC INFORM\u00c1CI\u00cd&#8221; button_link=&#8221;http:\/\/shb.sk\/shb\/sluzby\/&#8221; use_bg_overlay=&#8221;on&#8221; bg_overlay_color=&#8221;rgba(0,0,0,0.46)&#8221; use_text_overlay=&#8221;off&#8221; arrows_custom_color=&#8221;#FFFFFF&#8221; dot_nav_custom_color=&#8221;#FFFFFF&#8221; _builder_version=&#8221;3.26&#8243; header_font=&#8221;Saira Semi Condensed|700||on|||||&#8221; header_text_align=&#8221;center&#8221; header_font_size=&#8221;60px&#8221; header_letter_spacing=&#8221;1px&#8221; body_font=&#8221;Saira Semi Condensed|700|||||||&#8221; body_text_align=&#8221;left&#8221; body_font_size=&#8221;20px&#8221; body_line_height=&#8221;1.4em&#8221; background_color=&#8221;rgba(0,0,0,0)&#8221; background_image=&#8221;http:\/\/shb.sk\/shb\/wp-content\/uploads\/2019\/02\/baner-leto.jpg&#8221; custom_button=&#8221;on&#8221; button_text_size=&#8221;17px&#8221; button_text_color=&#8221;#ffffff&#8221; button_bg_color=&#8221;#0c71c3&#8243; button_border_color=&#8221;#0c71c3&#8243; button_font=&#8221;||||||||&#8221; button_use_icon=&#8221;on&#8221; button_icon=&#8221;%%24%%&#8221; button_icon_color=&#8221;#ffffff&#8221; button_on_hover=&#8221;off&#8221; button_alignment=&#8221;center&#8221; text_orientation=&#8221;left&#8221; custom_padding=&#8221;||||true&#8221; header_font_tablet=&#8221;&#8221; header_font_phone=&#8221;&#8221; header_font_last_edited=&#8221;on|desktop&#8221; header_font_size_tablet=&#8221;&#8221; header_font_size_phone=&#8221;40px&#8221; header_font_size_last_edited=&#8221;on|phone&#8221; body_font_size_tablet=&#8221;&#8221; body_font_size_phone=&#8221;14px&#8221; body_font_size_last_edited=&#8221;on|phone&#8221; button_text_size_tablet=&#8221;&#8221; button_text_size_phone=&#8221;15px&#8221; button_text_size_last_edited=&#8221;on|phone&#8221; box_shadow_style_button=&#8221;preset1&#8243;]<\/p>\n<p style=\"text-align: center;\">Pr\u00edle\u017eitosti na mnoh\u00e9 zimn\u00e9 aj letn\u00e9 aktivity<\/p>\n<p>[\/et_pb_slide][et_pb_slide heading=&#8221;Jednoduch\u00e1 dostupnos\u0165&#8221; button_text=&#8221;VIAC INFORM\u00c1CI\u00cd&#8221; button_link=&#8221;http:\/\/shb.sk\/shb\/sluzby\/&#8221; use_bg_overlay=&#8221;on&#8221; bg_overlay_color=&#8221;rgba(0,0,0,0.46)&#8221; use_text_overlay=&#8221;off&#8221; alignment=&#8221;bottom&#8221; _builder_version=&#8221;3.26&#8243; header_font=&#8221;Saira Semi Condensed|700||on|||||&#8221; header_font_size=&#8221;60px&#8221; body_font=&#8221;Saira Semi Condensed|700|||||||&#8221; body_font_size=&#8221;20px&#8221; background_color=&#8221;rgba(255,255,255,0)&#8221; background_image=&#8221;http:\/\/shb.sk\/shb\/wp-content\/uploads\/2019\/02\/vlak_02-627&#215;376.jpg&#8221; custom_button=&#8221;on&#8221; button_text_color=&#8221;#ffffff&#8221; button_bg_color=&#8221;#0c71c3&#8243; button_border_color=&#8221;#0c71c3&#8243; button_font=&#8221;||||||||&#8221; button_use_icon=&#8221;on&#8221; button_icon=&#8221;%%24%%&#8221; button_icon_color=&#8221;#ffffff&#8221; button_on_hover=&#8221;off&#8221; custom_padding=&#8221;|||&#8221; header_font_size_tablet=&#8221;&#8221; header_font_size_phone=&#8221;40px&#8221; header_font_size_last_edited=&#8221;on|phone&#8221; body_font_size_tablet=&#8221;&#8221; body_font_size_phone=&#8221;14px&#8221; body_font_size_last_edited=&#8221;on|phone&#8221;]<\/p>\n<p>vlakom aj autom<\/p>\n<p>[\/et_pb_slide][et_pb_slide button_text=&#8221;VIAC INFORM\u00c1CI\u00cd&#8221; button_link=&#8221;http:\/\/shb.sk\/shb\/sluzby\/&#8221; use_bg_overlay=&#8221;on&#8221; bg_overlay_color=&#8221;rgba(0,0,0,0.23)&#8221; use_text_overlay=&#8221;off&#8221; alignment=&#8221;bottom&#8221; arrows_custom_color=&#8221;#FFFFFF&#8221; dot_nav_custom_color=&#8221;#FFFFFF&#8221; _builder_version=&#8221;3.26&#8243; header_font=&#8221;|||on|||||&#8221; body_font=&#8221;|||on|||||&#8221; body_font_size=&#8221;44px&#8221; body_line_height=&#8221;1.4em&#8221; background_color=&#8221;rgba(126,190,197,0)&#8221; background_image=&#8221;http:\/\/shb.sk\/shb\/wp-content\/uploads\/2019\/02\/P1311295.jpg&#8221; custom_button=&#8221;on&#8221; button_text_size=&#8221;17px&#8221; button_text_color=&#8221;#ffffff&#8221; button_bg_color=&#8221;#0c71c3&#8243; button_border_color=&#8221;#0c71c3&#8243; button_font=&#8221;||||||||&#8221; button_use_icon=&#8221;on&#8221; button_icon=&#8221;%%24%%&#8221; button_icon_color=&#8221;#ffffff&#8221; button_on_hover=&#8221;off&#8221; button_alignment=&#8221;center&#8221; text_orientation=&#8221;left&#8221; custom_padding=&#8221;|||&#8221; button_text_size_tablet=&#8221;&#8221; button_text_size_phone=&#8221;14px&#8221; button_text_size_last_edited=&#8221;on|phone&#8221; box_shadow_style_button=&#8221;preset1&#8243;]<\/p>\n<p>&nbsp;<\/p>\n<p>&nbsp;<\/p>\n<p>[\/et_pb_slide][et_pb_slide heading=&#8221;V\u00fdborn\u00e1 poloha&#8221; button_text=&#8221;VIAC INFORM\u00c1CI\u00cd&#8221; button_link=&#8221;http:\/\/shb.sk\/shb\/sluzby\/&#8221; use_bg_overlay=&#8221;on&#8221; bg_overlay_color=&#8221;rgba(0,0,0,0.46)&#8221; use_text_overlay=&#8221;off&#8221; alignment=&#8221;bottom&#8221; _builder_version=&#8221;3.26&#8243; header_font=&#8221;Saira Semi Condensed|700||on|||||&#8221; header_font_size=&#8221;60px&#8221; body_font=&#8221;Saira Semi Condensed|600|||||||&#8221; body_font_size=&#8221;20px&#8221; background_color=&#8221;rgba(255,255,255,0)&#8221; background_image=&#8221;http:\/\/shb.sk\/shb\/wp-content\/uploads\/2019\/02\/SHB-strbske-pleso-1280&#215;640.jpeg&#8221; custom_button=&#8221;on&#8221; button_text_color=&#8221;#ffffff&#8221; button_bg_color=&#8221;#0c71c3&#8243; button_border_color=&#8221;#0c71c3&#8243; button_font=&#8221;||||||||&#8221; button_use_icon=&#8221;on&#8221; button_icon=&#8221;%%24%%&#8221; button_icon_color=&#8221;#ffffff&#8221; button_on_hover=&#8221;off&#8221; custom_padding=&#8221;|||&#8221; header_font_size_tablet=&#8221;&#8221; header_font_size_phone=&#8221;40px&#8221; header_font_size_last_edited=&#8221;on|phone&#8221; body_font_tablet=&#8221;&#8221; body_font_phone=&#8221;&#8221; body_font_last_edited=&#8221;on|desktop&#8221; body_font_size_tablet=&#8221;&#8221; body_font_size_phone=&#8221;14px&#8221; body_font_size_last_edited=&#8221;on|phone&#8221; button_text_size_tablet=&#8221;&#8221; button_text_size_phone=&#8221;14px&#8221; button_text_size_last_edited=&#8221;on|phone&#8221;]<\/p>\n<p>V\u00a0centre \u0160trbsk\u00e9ho Plesa.<br \/> kompletn\u00e9 inform\u00e1cie n\u00e1jdete na z\u00e1lo\u017eke poloha a inform\u00e1cie<\/p>\n<p>[\/et_pb_slide][et_pb_slide heading=&#8221;Aj v zime aj v lete&#8221; button_text=&#8221;VIAC INFORM\u00c1CI\u00cd&#8221; button_link=&#8221;http:\/\/shb.sk\/shb\/sluzby\/&#8221; use_bg_overlay=&#8221;on&#8221; bg_overlay_color=&#8221;rgba(0,0,0,0.46)&#8221; use_text_overlay=&#8221;off&#8221; arrows_custom_color=&#8221;#FFFFFF&#8221; dot_nav_custom_color=&#8221;#FFFFFF&#8221; _builder_version=&#8221;3.24.1&#8243; header_font=&#8221;Saira Semi Condensed|||on|||||&#8221; header_text_align=&#8221;center&#8221; header_font_size=&#8221;60px&#8221; body_font=&#8221;Saira Semi Condensed|700|||||||&#8221; body_font_size=&#8221;20px&#8221; body_line_height=&#8221;1.4em&#8221; background_color=&#8221;rgba(126,190,197,0)&#8221; background_image=&#8221;http:\/\/shb.sk\/shb\/wp-content\/uploads\/2019\/02\/P1311290.jpg&#8221; custom_button=&#8221;on&#8221; button_text_size=&#8221;17px&#8221; button_text_color=&#8221;#ffffff&#8221; button_bg_color=&#8221;#0c71c3&#8243; button_border_color=&#8221;#0c71c3&#8243; button_font=&#8221;||||||||&#8221; button_use_icon=&#8221;on&#8221; button_icon=&#8221;%%24%%&#8221; button_icon_color=&#8221;#ffffff&#8221; button_on_hover=&#8221;off&#8221; button_alignment=&#8221;center&#8221; text_orientation=&#8221;left&#8221; custom_padding=&#8221;|||&#8221; box_shadow_style_button=&#8221;preset1&#8243;]<\/p>\n<p>Pr\u00edle\u017eitosti na mnoh\u00e9 zimn\u00e9 aj letn\u00e9 aktivity<\/p>\n<p>[\/et_pb_slide][\/et_pb_fullwidth_slider][\/et_pb_section]<\/p>\n","protected":false},"excerpt":{"rendered":"<p>[et_pb_section fb_built=&#8221;1&#8243; fullwidth=&#8221;on&#8221; disabled_on=&#8221;off|off|off&#8221; admin_label=&#8221;Hero&#8221; _builder_version=&#8221;3.22.3&#8243; parallax=&#8221;on&#8221; max_width=&#8221;200%&#8221; custom_margin=&#8221;-46px||0px|&#8221; custom_padding=&#8221;0|0px|0|0|false|false&#8221; top_divider_height=&#8221;192px&#8221; top_divider_repeat=&#8221;3x&#8221; hover_enabled=&#8221;0&#8243; transparent_background=&#8221;on&#8221;][et_pb_fullwidth_slider _builder_version=&#8221;3.26&#8243; header_level=&#8221;h1&#8243; header_font=&#8221;Saira Semi Condensed|||on|||||&#8221; header_font_size=&#8221;40px&#8221; body_font=&#8221;Saira Semi Condensed||||||||&#8221; body_text_align=&#8221;center&#8221; background_image=&#8221;http:\/\/shb.sk\/shb\/wp-content\/uploads\/2019\/02\/vlak_02-627&#215;376.jpg&#8221; background_blend=&#8221;screen&#8221; custom_button=&#8221;on&#8221; button_font=&#8221;Saira Semi Condensed|700|||||||&#8221; button_icon=&#8221;%%24%%&#8221; button_on_hover=&#8221;off&#8221; button_alignment=&#8221;center&#8221; module_alignment=&#8221;center&#8221; height=&#8221;800px&#8221; custom_margin=&#8221;||&#8221; custom_padding=&#8221;50px||123px||false|&#8221; hover_transition_duration=&#8221;200ms&#8221; hover_enabled=&#8221;0&#8243;][et_pb_slide heading=&#8221;Sme tu pre v\u00e1s u\u017e od roku 2010&#8243; button_text=&#8221;VIAC INFORM\u00c1CI\u00cd&#8221; button_link=&#8221;http:\/\/shb.sk\/shb\/sluzby\/&#8221; use_bg_overlay=&#8221;on&#8221; bg_overlay_color=&#8221;rgba(0,0,0,0.66)&#8221; use_text_overlay=&#8221;off&#8221; arrows_custom_color=&#8221;#FFFFFF&#8221; dot_nav_custom_color=&#8221;#FFFFFF&#8221; [&hellip;]<\/p>\n","protected":false},"author":4,"featured_media":0,"parent":0,"menu_order":0,"comment_status":"closed","ping_status":"closed","template":"","meta":{"_et_pb_use_builder":"on","_et_pb_old_content":"","_et_gb_content_width":"","footnotes":""},"class_list":["post-20","page","type-page","status-publish","hentry"],"_links":{"self":[{"href":"https:\/\/shb.sk\/shb\/wp-json\/wp\/v2\/pages\/20","targetHints":{"allow":["GET"]}}],"collection":[{"href":"https:\/\/shb.sk\/shb\/wp-json\/wp\/v2\/pages"}],"about":[{"href":"https:\/\/shb.sk\/shb\/wp-json\/wp\/v2\/types\/page"}],"author":[{"embeddable":true,"href":"https:\/\/shb.sk\/shb\/wp-json\/wp\/v2\/users\/4"}],"replies":[{"embeddable":true,"href":"https:\/\/shb.sk\/shb\/wp-json\/wp\/v2\/comments?post=20"}],"version-history":[{"count":0,"href":"https:\/\/shb.sk\/shb\/wp-json\/wp\/v2\/pages\/20\/revisions"}],"wp:attachment":[{"href":"https:\/\/shb.sk\/shb\/wp-json\/wp\/v2\/media?parent=20"}],"curies":[{"name":"wp","href":"https:\/\/api.w.org\/{rel}","templated":true}]}}