{"id":65,"date":"2019-02-04T09:46:04","date_gmt":"2019-02-04T08:46:04","guid":{"rendered":"http:\/\/shb.sk\/shb\/?page_id=65"},"modified":"2025-10-19T09:16:55","modified_gmt":"2025-10-19T07:16:55","slug":"kontakt","status":"publish","type":"page","link":"https:\/\/shb.sk\/shb\/kontakt\/","title":{"rendered":"kontakt"},"content":{"rendered":"<p>[et_pb_section fb_built=&#8221;1&#8243; _builder_version=&#8221;3.22&#8243;][et_pb_row _builder_version=&#8221;3.25&#8243; background_size=&#8221;initial&#8221; background_position=&#8221;top_left&#8221; background_repeat=&#8221;repeat&#8221;][et_pb_column type=&#8221;4_4&#8243; _builder_version=&#8221;3.25&#8243; custom_padding=&#8221;|||&#8221; custom_padding__hover=&#8221;|||&#8221;][et_pb_text _builder_version=&#8221;4.7.3&#8243; _module_preset=&#8221;default&#8221; header_2_font=&#8221;|700|||||||&#8221; header_2_line_height=&#8221;1.8em&#8221; header_3_font=&#8221;|600|||||||&#8221; header_3_font_size=&#8221;21px&#8221; header_3_line_height=&#8221;1.4em&#8221; hover_enabled=&#8221;0&#8243; sticky_enabled=&#8221;0&#8243;]<\/p>\n<h1 style=\"text-align: center;\"><strong>Turistick\u00e1 ubytov\u0148a SHB &#8211; \u0160trbsk\u00e9 Pleso<\/strong><\/h1>\n<p><strong><\/strong><\/p>\n<p style=\"text-align: center;\">Prev\u00e1dzkovate\u013e:<\/p>\n<h2 style=\"text-align: center;\">YORD s.r.o.<\/h2>\n<h3 style=\"text-align: center;\"><span>YORD s.r.o.ul. K vodop\u00e1dom 3 ( s\u00fap. \u010d. 4038 )<br \/> <\/span><span>059 85 \u0160trbsk\u00e9 Pleso &#8211; Vysok\u00e9 Tatry<\/span><\/h3>\n<p>&nbsp;<\/p>\n<h3 style=\"text-align: center;\">kontakt:<br \/> tel: <a href=\"phone:+421911578999\">+421 911 578 999<\/a><br \/> email: <a href=\"mailto:%20ekonom@shb.sk\">ekonom@shb.sk<\/a><\/h3>\n<p>[\/et_pb_text][\/et_pb_column][\/et_pb_row][\/et_pb_section]<\/p>\n","protected":false},"excerpt":{"rendered":"<p>[et_pb_section fb_built=&#8221;1&#8243; _builder_version=&#8221;3.22&#8243;][et_pb_row _builder_version=&#8221;3.25&#8243; background_size=&#8221;initial&#8221; background_position=&#8221;top_left&#8221; background_repeat=&#8221;repeat&#8221;][et_pb_column type=&#8221;4_4&#8243; _builder_version=&#8221;3.25&#8243; custom_padding=&#8221;|||&#8221; custom_padding__hover=&#8221;|||&#8221;][et_pb_text _builder_version=&#8221;4.7.3&#8243; _module_preset=&#8221;default&#8221; header_2_font=&#8221;|700|||||||&#8221; header_2_line_height=&#8221;1.8em&#8221; header_3_font=&#8221;|600|||||||&#8221; header_3_font_size=&#8221;21px&#8221; header_3_line_height=&#8221;1.4em&#8221; hover_enabled=&#8221;0&#8243; sticky_enabled=&#8221;0&#8243;] Turistick\u00e1 ubytov\u0148a SHB &#8211; \u0160trbsk\u00e9 Pleso Prev\u00e1dzkovate\u013e: YORD s.r.o. YORD s.r.o.ul. K vodop\u00e1dom 3 ( s\u00fap. \u010d. 4038 ) 059 85 \u0160trbsk\u00e9 Pleso &#8211; Vysok\u00e9 Tatry &nbsp; kontakt: tel: +421 911 578 999 email: ekonom@shb.sk [&hellip;]<\/p>\n","protected":false},"author":4,"featured_media":0,"parent":0,"menu_order":0,"comment_status":"closed","ping_status":"closed","template":"","meta":{"_et_pb_use_builder":"on","_et_pb_old_content":"<p>\u00a0<\/p>\r\n<!-- wp:divi\/placeholder \/-->\r\n<p>\u00a0<\/p>","_et_gb_content_width":"","footnotes":""},"class_list":["post-65","page","type-page","status-publish","hentry"],"_links":{"self":[{"href":"https:\/\/shb.sk\/shb\/wp-json\/wp\/v2\/pages\/65","targetHints":{"allow":["GET"]}}],"collection":[{"href":"https:\/\/shb.sk\/shb\/wp-json\/wp\/v2\/pages"}],"about":[{"href":"https:\/\/shb.sk\/shb\/wp-json\/wp\/v2\/types\/page"}],"author":[{"embeddable":true,"href":"https:\/\/shb.sk\/shb\/wp-json\/wp\/v2\/users\/4"}],"replies":[{"embeddable":true,"href":"https:\/\/shb.sk\/shb\/wp-json\/wp\/v2\/comments?post=65"}],"version-history":[{"count":6,"href":"https:\/\/shb.sk\/shb\/wp-json\/wp\/v2\/pages\/65\/revisions"}],"predecessor-version":[{"id":20737,"href":"https:\/\/shb.sk\/shb\/wp-json\/wp\/v2\/pages\/65\/revisions\/20737"}],"wp:attachment":[{"href":"https:\/\/shb.sk\/shb\/wp-json\/wp\/v2\/media?parent=65"}],"curies":[{"name":"wp","href":"https:\/\/api.w.org\/{rel}","templated":true}]}}