{"id":8567,"date":"2019-05-13T14:15:20","date_gmt":"2019-05-13T14:15:20","guid":{"rendered":"http:\/\/shb.sk\/shb\/?page_id=8567"},"modified":"2020-07-23T22:38:20","modified_gmt":"2020-07-23T20:38:20","slug":"8567-2","status":"publish","type":"page","link":"https:\/\/shb.sk\/shb\/8567-2\/","title":{"rendered":"turisticka izba"},"content":{"rendered":"<p>[et_pb_section fb_built=&#8221;1&#8243; fullwidth=&#8221;on&#8221; _builder_version=&#8221;3.22.3&#8243; custom_width_px__hover=&#8221;1080px&#8221; custom_width_px__hover_enabled=&#8221;1080px&#8221; custom_width_percent__hover=&#8221;80%&#8221; custom_width_percent__hover_enabled=&#8221;80%&#8221; parallax_1__hover=&#8221;off&#8221; parallax_1__hover_enabled=&#8221;off&#8221; parallax_2__hover=&#8221;off&#8221; parallax_2__hover_enabled=&#8221;off&#8221; parallax_3__hover=&#8221;off&#8221; parallax_3__hover_enabled=&#8221;off&#8221; parallax_method_1__hover=&#8221;on&#8221; parallax_method_1__hover_enabled=&#8221;on&#8221; parallax_method_2__hover=&#8221;on&#8221; parallax_method_2__hover_enabled=&#8221;on&#8221; parallax_method_3__hover=&#8221;on&#8221; parallax_method_3__hover_enabled=&#8221;on&#8221; use_background_color_gradient__hover=&#8221;off&#8221; use_background_color_gradient__hover_enabled=&#8221;off&#8221; background_color_gradient_start__hover=&#8221;#2b87da&#8221; background_color_gradient_start__hover_enabled=&#8221;#2b87da&#8221; background_color_gradient_end__hover=&#8221;#29c4a9&#8243; background_color_gradient_end__hover_enabled=&#8221;#29c4a9&#8243; background_color_gradient_type__hover=&#8221;linear&#8221; background_color_gradient_type__hover_enabled=&#8221;linear&#8221; background_color_gradient_direction__hover=&#8221;180deg&#8221; background_color_gradient_direction__hover_enabled=&#8221;180deg&#8221; background_color_gradient_direction_radial__hover=&#8221;center&#8221; background_color_gradient_direction_radial__hover_enabled=&#8221;center&#8221; background_color_gradient_start_position__hover=&#8221;0%&#8221; background_color_gradient_start_position__hover_enabled=&#8221;0%&#8221; background_color_gradient_end_position__hover=&#8221;100%&#8221; background_color_gradient_end_position__hover_enabled=&#8221;100%&#8221; background_color_gradient_overlays_image__hover=&#8221;off&#8221; background_color_gradient_overlays_image__hover_enabled=&#8221;off&#8221; parallax__hover=&#8221;off&#8221; parallax__hover_enabled=&#8221;off&#8221; parallax_method__hover=&#8221;on&#8221; parallax_method__hover_enabled=&#8221;on&#8221; background_size__hover=&#8221;cover&#8221; background_size__hover_enabled=&#8221;cover&#8221; background_position__hover=&#8221;center&#8221; background_position__hover_enabled=&#8221;center&#8221; background_repeat__hover=&#8221;no-repeat&#8221; background_repeat__hover_enabled=&#8221;no-repeat&#8221; background_blend__hover=&#8221;normal&#8221; background_blend__hover_enabled=&#8221;normal&#8221; allow_player_pause__hover=&#8221;off&#8221; allow_player_pause__hover_enabled=&#8221;off&#8221; background_video_pause_outside_viewport__hover=&#8221;on&#8221; background_video_pause_outside_viewport__hover_enabled=&#8221;on&#8221; inner_shadow__hover=&#8221;off&#8221; inner_shadow__hover_enabled=&#8221;off&#8221; make_fullwidth__hover=&#8221;off&#8221; make_fullwidth__hover_enabled=&#8221;off&#8221; use_custom_width__hover=&#8221;off&#8221; use_custom_width__hover_enabled=&#8221;off&#8221; width_unit__hover=&#8221;on&#8221; width_unit__hover_enabled=&#8221;on&#8221; make_equal__hover=&#8221;off&#8221; make_equal__hover_enabled=&#8221;off&#8221; use_custom_gutter__hover=&#8221;off&#8221; use_custom_gutter__hover_enabled=&#8221;off&#8221; gutter_width__hover=&#8221;2&#8243; gutter_width__hover_enabled=&#8221;2&#8243; border_radii__hover=&#8221;on||||&#8221; border_radii__hover_enabled=&#8221;on||||&#8221; box_shadow_style__hover=&#8221;none&#8221; box_shadow_style__hover_enabled=&#8221;none&#8221; box_shadow_color__hover=&#8221;rgba(0,0,0,0.3)&#8221; box_shadow_color__hover_enabled=&#8221;rgba(0,0,0,0.3)&#8221; max_width__hover=&#8221;100%&#8221; max_width__hover_enabled=&#8221;100%&#8221; filter_hue_rotate__hover=&#8221;0deg&#8221; filter_hue_rotate__hover_enabled=&#8221;0deg&#8221; filter_saturate__hover=&#8221;100%&#8221; filter_saturate__hover_enabled=&#8221;100%&#8221; filter_brightness__hover=&#8221;100%&#8221; filter_brightness__hover_enabled=&#8221;100%&#8221; filter_contrast__hover=&#8221;100%&#8221; filter_contrast__hover_enabled=&#8221;100%&#8221; filter_invert__hover=&#8221;0%&#8221; filter_invert__hover_enabled=&#8221;0%&#8221; filter_sepia__hover=&#8221;0%&#8221; filter_sepia__hover_enabled=&#8221;0%&#8221; filter_opacity__hover=&#8221;100%&#8221; filter_opacity__hover_enabled=&#8221;100%&#8221; filter_blur__hover=&#8221;0px&#8221; filter_blur__hover_enabled=&#8221;0px&#8221; mix_blend_mode__hover=&#8221;normal&#8221; mix_blend_mode__hover_enabled=&#8221;normal&#8221; animation_style__hover=&#8221;none&#8221; animation_style__hover_enabled=&#8221;none&#8221; animation_repeat__hover=&#8221;once&#8221; animation_repeat__hover_enabled=&#8221;once&#8221; animation_direction__hover=&#8221;center&#8221; animation_direction__hover_enabled=&#8221;center&#8221; animation_duration__hover=&#8221;1000ms&#8221; animation_duration__hover_enabled=&#8221;1000ms&#8221; animation_delay__hover=&#8221;0ms&#8221; animation_delay__hover_enabled=&#8221;0ms&#8221; animation_intensity_slide__hover=&#8221;50%&#8221; animation_intensity_slide__hover_enabled=&#8221;50%&#8221; animation_intensity_zoom__hover=&#8221;50%&#8221; animation_intensity_zoom__hover_enabled=&#8221;50%&#8221; animation_intensity_flip__hover=&#8221;50%&#8221; animation_intensity_flip__hover_enabled=&#8221;50%&#8221; animation_intensity_fold__hover=&#8221;50%&#8221; animation_intensity_fold__hover_enabled=&#8221;50%&#8221; animation_intensity_roll__hover=&#8221;50%&#8221; animation_intensity_roll__hover_enabled=&#8221;50%&#8221; animation_starting_opacity__hover=&#8221;0%&#8221; animation_starting_opacity__hover_enabled=&#8221;0%&#8221; animation_speed_curve__hover=&#8221;ease-in-out&#8221; animation_speed_curve__hover_enabled=&#8221;ease-in-out&#8221; hover_transition_duration__hover=&#8221;300ms&#8221; hover_transition_duration__hover_enabled=&#8221;300ms&#8221; hover_transition_delay__hover=&#8221;0ms&#8221; hover_transition_delay__hover_enabled=&#8221;0ms&#8221; hover_transition_speed_curve__hover=&#8221;ease&#8221; hover_transition_speed_curve__hover_enabled=&#8221;ease&#8221;][et_pb_fullwidth_header title=&#8221;Turistick\u00e1 Izba&#8221; text_orientation=&#8221;center&#8221; background_overlay_color=&#8221;rgba(0,0,0,0.36)&#8221; _builder_version=&#8221;3.24.1&#8243; title_font=&#8221;Saira Condensed|700||on|||||&#8221; title_text_align=&#8221;center&#8221; title_font_size=&#8221;50px&#8221; content_font=&#8221;Saira Condensed||||||||&#8221; content_font_size=&#8221;31px&#8221; subhead_font=&#8221;Saira Condensed||||||||&#8221; subhead_text_align=&#8221;center&#8221; subhead_font_size=&#8221;20px&#8221; background_image=&#8221;http:\/\/shb.sk\/shb\/wp-content\/uploads\/2019\/03\/IMG_20190131_102140-1.jpg&#8221; height=&#8221;333px&#8221; custom_margin=&#8221;||||true&#8221; custom_padding=&#8221;||||true&#8221;]<\/p>\n<p>&nbsp;<\/p>\n<p>&nbsp;<\/p>\n<p>[\/et_pb_fullwidth_header][\/et_pb_section][et_pb_section fb_built=&#8221;1&#8243; module_id=&#8221;TI&#8221; _builder_version=&#8221;3.23.3&#8243; custom_padding=&#8221;60px||0px||false|&#8221;][et_pb_row _builder_version=&#8221;3.25&#8243; custom_padding=&#8221;1px||83px||false|&#8221;][et_pb_column type=&#8221;4_4&#8243; _builder_version=&#8221;3.25&#8243; custom_padding=&#8221;|||&#8221; custom_padding__hover=&#8221;|||&#8221;][et_pb_cta title=&#8221;CHARAKTERISTIKA&#8221; button_text=&#8221;Rezervova\u0165&#8221; _builder_version=&#8221;3.24.1&#8243; header_font=&#8221;|800||on|||||&#8221; header_text_color=&#8221;#000000&#8243; header_font_size=&#8221;27px&#8221; body_font=&#8221;||||||||&#8221; body_text_align=&#8221;center&#8221; body_text_color=&#8221;#000000&#8243; body_font_size=&#8221;16px&#8221; body_line_height=&#8221;1.6em&#8221; custom_button=&#8221;on&#8221; button_text_size=&#8221;18px&#8221; button_text_color=&#8221;#ffffff&#8221; button_bg_color=&#8221;#0c71c3&#8243; button_border_width=&#8221;-1px&#8221; button_border_color=&#8221;#ffffff&#8221; button_border_radius=&#8221;4px&#8221; button_font=&#8221;||||||||&#8221; button_icon_color=&#8221;#ffffff&#8221; button_on_hover=&#8221;off&#8221; button_alignment=&#8221;center&#8221; custom_margin=&#8221;0px|0px|0px|0px&#8221; custom_padding=&#8221;0px|0px|0px|0px&#8221;]<\/p>\n<div>je izba itern\u00e1tneho typu, ktor\u00e1 zdie\u013ea odedelen\u00fa p\u00e1nsku a d\u00e1msku k\u00fape\u013e\u0148u a kuchy\u0148u s ostatn\u00fdmi turistick\u00fdmi izbami.<\/div>\n<div>Izby maj\u00fa pr\u00edstup WIFI, f\u00e9n vo v\u00fdbaven\u00ed k\u00fape\u013ene a plen vybavenej kuchynke kde sa daj\u00fa pripravi\u0165 jedl\u00e1. K dispoz\u00edcii je spolo\u010densk\u00e1 miestnos\u0165 s TV a priestorom na spolo\u010dn\u00e9 posedenie.<\/div>\n<p>[\/et_pb_cta][\/et_pb_column][\/et_pb_row][et_pb_row column_structure=&#8221;1_4,3_4&#8243; padding_left_right_link_2=&#8221;false&#8221; _builder_version=&#8221;3.25&#8243; width=&#8221;100%&#8221; max_width=&#8221;1100px&#8221; custom_margin=&#8221;|||||false&#8221; custom_padding=&#8221;1px||0px|||&#8221;][et_pb_column type=&#8221;1_4&#8243; _builder_version=&#8221;3.25&#8243; custom_padding=&#8221;|||&#8221; custom_padding__hover=&#8221;|||&#8221;][et_pb_cta title=&#8221;Dvojl\u00f4\u017ekov\u00e1 izba&#8221; button_text=&#8221;Rezervova\u0165&#8221; _builder_version=&#8221;3.23.3&#8243; header_font=&#8221;|800||on|||||&#8221; header_text_color=&#8221;#000000&#8243; header_font_size=&#8221;27px&#8221; body_font=&#8221;||||||||&#8221; body_text_align=&#8221;center&#8221; body_text_color=&#8221;#000000&#8243; body_font_size=&#8221;13px&#8221; body_line_height=&#8221;1.6em&#8221; custom_button=&#8221;on&#8221; button_text_size=&#8221;18px&#8221; button_text_color=&#8221;#ffffff&#8221; button_bg_color=&#8221;#0c71c3&#8243; button_border_width=&#8221;-1px&#8221; button_border_color=&#8221;#ffffff&#8221; button_border_radius=&#8221;4px&#8221; button_font=&#8221;||||||||&#8221; button_icon_color=&#8221;#ffffff&#8221; button_on_hover=&#8221;off&#8221; button_alignment=&#8221;center&#8221; custom_margin=&#8221;0px|0px|0px|0px&#8221; custom_padding=&#8221;0px|0px|0px|0px&#8221;]<\/p>\n<p><span>ve\u013ekos\u0165 cca 18m2\u00a0<\/span><\/p>\n<p>[\/et_pb_cta][et_pb_button button_url=&#8221;http:\/\/shb.sk\/shb\/rez_form\/?et_fb=1&#038;PageSpeed=off&#8221; button_text=&#8221;Rezervova\u0165&#8221; button_alignment=&#8221;center&#8221; _builder_version=&#8221;4.0.6&#8243; custom_button=&#8221;on&#8221; button_text_color=&#8221;#ffffff&#8221; button_bg_color=&#8221;#0c71c3&#8243; button_border_width=&#8221;0px&#8221; button_border_color=&#8221;#ffffff&#8221; button_font=&#8221;||||||||&#8221; button_use_icon=&#8221;off&#8221;][\/et_pb_button][\/et_pb_column][et_pb_column type=&#8221;3_4&#8243; _builder_version=&#8221;3.25&#8243; custom_padding=&#8221;|||&#8221; custom_padding__hover=&#8221;|||&#8221;][et_pb_gallery gallery_ids=&#8221;10746,10745,10744,10743,10742,10741,10740,10739,10756&#8243; posts_number=&#8221;3&#8243; show_title_and_caption=&#8221;off&#8221; _builder_version=&#8221;4.0.11&#8243; pagination_font=&#8221;||||||||&#8221; transform_scale=&#8221;83%|83%&#8221; width=&#8221;100%&#8221; custom_margin=&#8221;-35px||-35px||true&#8221; custom_padding=&#8221;||0px|||&#8221;][\/et_pb_gallery][\/et_pb_column][\/et_pb_row][\/et_pb_section][et_pb_section fb_built=&#8221;1&#8243; module_id=&#8221;TI&#8221; _builder_version=&#8221;3.23.3&#8243; custom_padding=&#8221;0px||0px||true|&#8221;][et_pb_row column_structure=&#8221;1_4,3_4&#8243; _builder_version=&#8221;3.25&#8243; width=&#8221;100%&#8221; max_width=&#8221;1100px&#8221; custom_padding=&#8221;1px||1px||true|&#8221;][et_pb_column type=&#8221;1_4&#8243; _builder_version=&#8221;3.25&#8243; custom_padding=&#8221;|||&#8221; custom_padding__hover=&#8221;|||&#8221;][et_pb_cta title=&#8221;trojl\u00f4\u017ekov\u00e1  izba&#8221; button_text=&#8221;Rezervova\u0165&#8221; _builder_version=&#8221;3.24.1&#8243; header_font=&#8221;|800||on|||||&#8221; header_text_color=&#8221;#000000&#8243; header_font_size=&#8221;27px&#8221; body_font=&#8221;||||||||&#8221; body_text_align=&#8221;center&#8221; body_text_color=&#8221;#000000&#8243; body_font_size=&#8221;13px&#8221; body_line_height=&#8221;1.6em&#8221; custom_button=&#8221;on&#8221; button_text_size=&#8221;18px&#8221; button_text_color=&#8221;#ffffff&#8221; button_bg_color=&#8221;#0c71c3&#8243; button_border_width=&#8221;-1px&#8221; button_border_color=&#8221;#ffffff&#8221; button_border_radius=&#8221;4px&#8221; button_font=&#8221;||||||||&#8221; button_icon_color=&#8221;#ffffff&#8221; button_on_hover=&#8221;off&#8221; button_alignment=&#8221;center&#8221; custom_margin=&#8221;35px|0px|0px|0px&#8221; custom_padding=&#8221;0px|0px|0px|0px&#8221;]<\/p>\n<p><span>&#8211; ve\u013ekos\u0165 cca 29m2<br \/> &#8211; mo\u017enos\u0165 pr\u00edste\u013eku<\/span><\/p>\n<p>[\/et_pb_cta][et_pb_button button_url=&#8221;http:\/\/shb.sk\/shb\/rez_form\/?et_fb=1&#038;PageSpeed=off&#8221; button_text=&#8221;Rezervova\u0165&#8221; button_alignment=&#8221;center&#8221; _builder_version=&#8221;4.0.6&#8243; custom_button=&#8221;on&#8221; button_text_color=&#8221;#ffffff&#8221; button_bg_color=&#8221;#0c71c3&#8243; button_border_width=&#8221;0px&#8221; button_border_color=&#8221;#ffffff&#8221; button_font=&#8221;||||||||&#8221; button_use_icon=&#8221;off&#8221;][\/et_pb_button][\/et_pb_column][et_pb_column type=&#8221;3_4&#8243; _builder_version=&#8221;3.25&#8243; custom_padding=&#8221;|||&#8221; custom_padding__hover=&#8221;|||&#8221;][et_pb_gallery gallery_ids=&#8221;10750,10751,10752,10753,10754,10755,10759&#8243; posts_number=&#8221;3&#8243; show_title_and_caption=&#8221;off&#8221; _builder_version=&#8221;4.0.11&#8243; pagination_font=&#8221;||||||||&#8221; transform_scale=&#8221;83%|83%&#8221; width=&#8221;100%&#8221; custom_margin=&#8221;||-50px||false&#8221;][\/et_pb_gallery][\/et_pb_column][\/et_pb_row][\/et_pb_section][et_pb_section fb_built=&#8221;1&#8243; module_id=&#8221;TI&#8221; _builder_version=&#8221;3.23.3&#8243; custom_padding=&#8221;0px||0px||true|&#8221;][et_pb_row column_structure=&#8221;1_4,3_4&#8243; _builder_version=&#8221;3.25&#8243; width=&#8221;100%&#8221; max_width=&#8221;1100px&#8221; module_alignment=&#8221;center&#8221; custom_padding=&#8221;||||true|&#8221;][et_pb_column type=&#8221;1_4&#8243; _builder_version=&#8221;3.25&#8243; custom_padding=&#8221;|||&#8221; custom_padding__hover=&#8221;|||&#8221;][et_pb_cta title=&#8221;\u0160tvorl\u00f4\u017ekov\u00e1 izba&#8221; button_text=&#8221;Rezervova\u0165&#8221; _builder_version=&#8221;3.24.1&#8243; header_font=&#8221;|800||on|||||&#8221; header_text_color=&#8221;#000000&#8243; header_font_size=&#8221;27px&#8221; body_font=&#8221;||||||||&#8221; body_text_align=&#8221;center&#8221; body_text_color=&#8221;#000000&#8243; body_font_size=&#8221;13px&#8221; body_line_height=&#8221;1.6em&#8221; custom_button=&#8221;on&#8221; button_text_size=&#8221;18px&#8221; button_text_color=&#8221;#ffffff&#8221; button_bg_color=&#8221;#0c71c3&#8243; button_border_width=&#8221;-1px&#8221; button_border_color=&#8221;#ffffff&#8221; button_border_radius=&#8221;4px&#8221; button_font=&#8221;||||||||&#8221; button_icon_color=&#8221;#ffffff&#8221; button_on_hover=&#8221;off&#8221; button_alignment=&#8221;center&#8221; custom_margin=&#8221;35px|0px|0px|0px&#8221; custom_padding=&#8221;0px|0px|0px|0px&#8221;]<\/p>\n<p><span>&#8211; ve\u013ekos\u0165 cca 29m2<\/span><\/p>\n<p>[\/et_pb_cta][et_pb_button button_url=&#8221;http:\/\/shb.sk\/shb\/rez_form\/?et_fb=1&#038;PageSpeed=off&#8221; button_text=&#8221;Rezervova\u0165&#8221; button_alignment=&#8221;center&#8221; _builder_version=&#8221;4.0.6&#8243; custom_button=&#8221;on&#8221; button_text_color=&#8221;#ffffff&#8221; button_bg_color=&#8221;#0c71c3&#8243; button_border_width=&#8221;0px&#8221; button_border_color=&#8221;#ffffff&#8221; button_font=&#8221;||||||||&#8221; button_use_icon=&#8221;off&#8221;][\/et_pb_button][\/et_pb_column][et_pb_column type=&#8221;3_4&#8243; _builder_version=&#8221;3.25&#8243; custom_padding=&#8221;|||&#8221; custom_padding__hover=&#8221;|||&#8221;][et_pb_gallery gallery_ids=&#8221;10762,10763,10764,10765,10766&#8243; posts_number=&#8221;3&#8243; show_title_and_caption=&#8221;off&#8221; _builder_version=&#8221;4.0.11&#8243; pagination_font=&#8221;||||||||&#8221; transform_scale=&#8221;83%|83%&#8221; width=&#8221;100%&#8221; custom_margin=&#8221;||-35px||false&#8221;][\/et_pb_gallery][\/et_pb_column][\/et_pb_row][\/et_pb_section][et_pb_section fb_built=&#8221;1&#8243; _builder_version=&#8221;3.24.1&#8243; background_color=&#8221;#f4f4f4&#8243; custom_padding=&#8221;0px||0px||true|&#8221;][et_pb_row _builder_version=&#8221;3.25&#8243;][et_pb_column type=&#8221;4_4&#8243; _builder_version=&#8221;3.25&#8243; custom_padding=&#8221;|||&#8221; custom_padding__hover=&#8221;|||&#8221;][et_pb_text _builder_version=&#8221;3.27.4&#8243; text_font=&#8221;|700|||||||&#8221; text_text_color=&#8221;#000000&#8243; text_font_size=&#8221;18px&#8221;]<\/p>\n<p style=\"text-align: center;\">Pozrite si cel\u00fa na\u0161u ponuku ubytovania<\/p>\n<p>[\/et_pb_text][\/et_pb_column][\/et_pb_row][et_pb_row column_structure=&#8221;1_2,1_2&#8243; _builder_version=&#8221;3.25&#8243;][et_pb_column type=&#8221;1_2&#8243; _builder_version=&#8221;3.25&#8243; custom_padding=&#8221;|||&#8221; custom_padding__hover=&#8221;|||&#8221;][et_pb_cta title=&#8221;Ubytovanie v buNKE&#8221; button_url=&#8221;http:\/\/shb.sk\/shb\/?page_id=9346&#038;et_fb=1&#038;PageSpeed=off&#8221; button_text=&#8221;Viac info \/ Rezervova\u0165&#8221; _builder_version=&#8221;4.0.11&#8243; header_font=&#8221;|800||on|||||&#8221; header_text_color=&#8221;#000000&#8243; header_font_size=&#8221;27px&#8221; body_font=&#8221;||||||||&#8221; body_text_align=&#8221;center&#8221; body_text_color=&#8221;#000000&#8243; body_font_size=&#8221;13px&#8221; body_line_height=&#8221;1.6em&#8221; background_color=&#8221;#f4f4f4&#8243; custom_button=&#8221;on&#8221; button_text_size=&#8221;18px&#8221; button_text_color=&#8221;#ffffff&#8221; button_bg_color=&#8221;#0c71c3&#8243; button_border_width=&#8221;-1px&#8221; button_border_color=&#8221;#ffffff&#8221; button_border_radius=&#8221;4px&#8221; button_font=&#8221;||||||||&#8221; button_icon_color=&#8221;#ffffff&#8221; button_on_hover=&#8221;off&#8221; button_alignment=&#8221;center&#8221; custom_margin=&#8221;0px|0px|0px|0px&#8221; custom_padding=&#8221;0px|0px|0px|0px&#8221;]<\/p>\n<p>ubytovanie v \u0161es\u0165 a viac l\u00f4\u017ekov\u00fdch bunk\u00e1ch. K\u00fape\u013e\u0148a a WC priamo v bunke . Mo\u017enos\u0165 uvarenia si ob\u010derstvenia, k\u00e1vy, \u010daju v spolo\u010dnej kuchy\u0148ke.<br \/> Rovnako je k dispoz\u00edcii aj spolo\u010densk\u00fd priestor s TV na oddych a z\u00e1bavu.<\/p>\n<p>[\/et_pb_cta][\/et_pb_column][et_pb_column type=&#8221;1_2&#8243; _builder_version=&#8221;3.25&#8243; custom_padding=&#8221;|||&#8221; custom_padding__hover=&#8221;|||&#8221;][et_pb_cta title=&#8221;Apartm\u00e1ny a Gars\u00f3nky&#8221; button_url=&#8221;http:\/\/shb.sk\/shb\/?page_id=9361&#038;et_fb=1&#038;PageSpeed=off&#8221; button_text=&#8221;Viac info \/ Rezervova\u0165&#8221; _builder_version=&#8221;4.0.11&#8243; header_font=&#8221;|800||on|||||&#8221; header_text_color=&#8221;#000000&#8243; header_font_size=&#8221;27px&#8221; body_font=&#8221;||||||||&#8221; body_text_align=&#8221;center&#8221; body_text_color=&#8221;#000000&#8243; body_font_size=&#8221;13px&#8221; body_line_height=&#8221;1.6em&#8221; background_color=&#8221;#f4f4f4&#8243; custom_button=&#8221;on&#8221; button_text_size=&#8221;18px&#8221; button_text_color=&#8221;#ffffff&#8221; button_bg_color=&#8221;#0c71c3&#8243; button_border_width=&#8221;-1px&#8221; button_border_color=&#8221;#ffffff&#8221; button_border_radius=&#8221;4px&#8221; button_font=&#8221;||||||||&#8221; button_icon_color=&#8221;#ffffff&#8221; button_on_hover=&#8221;off&#8221; button_alignment=&#8221;center&#8221; custom_margin=&#8221;0px|0px|0px|0px&#8221; custom_padding=&#8221;0px|0px|0px|0px&#8221;]<\/p>\n<p>ubytovanie v dvoj a\u017e p\u00e4\u0165 l\u00f4\u017ekov\u00fdch izb\u00e1ch. WC, k\u00fape\u013ena a mal\u00e1 kuchy\u0148ka. (Varn\u00e1 kanvica, Elektrick\u00e1 platni\u010dka)<br \/> Rovnako je k dispoz\u00edcii aj spolo\u010densk\u00fd priestor s TV na oddych a z\u00e1bavu.<\/p>\n<p>[\/et_pb_cta][\/et_pb_column][\/et_pb_row][\/et_pb_section][et_pb_section fb_built=&#8221;1&#8243; _builder_version=&#8221;3.22.3&#8243;][et_pb_row _builder_version=&#8221;3.25&#8243; width=&#8221;100%&#8221; max_width=&#8221;1500px&#8221;][et_pb_column type=&#8221;4_4&#8243; _builder_version=&#8221;3.25&#8243; custom_padding=&#8221;|||&#8221; custom_padding__hover=&#8221;|||&#8221;][et_pb_text _builder_version=&#8221;4.0.6&#8243; header_font=&#8221;|800|||||||&#8221;]<\/p>\n<h1 style=\"text-align: center;\">Cenn\u00edk na sez\u00f3nu 2020<\/h1>\n<p style=\"text-align: center;\">platn\u00fd od 01.05.2020<\/p>\n<p>[\/et_pb_text][et_pb_button button_url=&#8221;http:\/\/shb.sk\/shb\/cennik_2020&#8243; button_text=&#8221;zobrazi\u0165&#8221; button_alignment=&#8221;center&#8221; _builder_version=&#8221;4.0.6&#8243; custom_button=&#8221;on&#8221; button_text_color=&#8221;#ffffff&#8221; button_bg_color=&#8221;#0c71c3&#8243; button_border_color=&#8221;#0c71c3&#8243; button_font=&#8221;||||||||&#8221; button_use_icon=&#8221;off&#8221;][\/et_pb_button][\/et_pb_column][\/et_pb_row][et_pb_row _builder_version=&#8221;3.25&#8243; width=&#8221;100%&#8221; max_width=&#8221;1500px&#8221;][et_pb_column type=&#8221;4_4&#8243; _builder_version=&#8221;3.25&#8243; custom_padding=&#8221;|||&#8221; custom_padding__hover=&#8221;|||&#8221;][\/et_pb_column][\/et_pb_row][\/et_pb_section]<\/p>\n","protected":false},"excerpt":{"rendered":"<p>[et_pb_section fb_built=&#8221;1&#8243; fullwidth=&#8221;on&#8221; _builder_version=&#8221;3.22.3&#8243; custom_width_px__hover=&#8221;1080px&#8221; custom_width_px__hover_enabled=&#8221;1080px&#8221; custom_width_percent__hover=&#8221;80%&#8221; custom_width_percent__hover_enabled=&#8221;80%&#8221; parallax_1__hover=&#8221;off&#8221; parallax_1__hover_enabled=&#8221;off&#8221; parallax_2__hover=&#8221;off&#8221; parallax_2__hover_enabled=&#8221;off&#8221; parallax_3__hover=&#8221;off&#8221; parallax_3__hover_enabled=&#8221;off&#8221; parallax_method_1__hover=&#8221;on&#8221; parallax_method_1__hover_enabled=&#8221;on&#8221; parallax_method_2__hover=&#8221;on&#8221; parallax_method_2__hover_enabled=&#8221;on&#8221; parallax_method_3__hover=&#8221;on&#8221; parallax_method_3__hover_enabled=&#8221;on&#8221; use_background_color_gradient__hover=&#8221;off&#8221; use_background_color_gradient__hover_enabled=&#8221;off&#8221; background_color_gradient_start__hover=&#8221;#2b87da&#8221; background_color_gradient_start__hover_enabled=&#8221;#2b87da&#8221; background_color_gradient_end__hover=&#8221;#29c4a9&#8243; background_color_gradient_end__hover_enabled=&#8221;#29c4a9&#8243; background_color_gradient_type__hover=&#8221;linear&#8221; background_color_gradient_type__hover_enabled=&#8221;linear&#8221; background_color_gradient_direction__hover=&#8221;180deg&#8221; background_color_gradient_direction__hover_enabled=&#8221;180deg&#8221; background_color_gradient_direction_radial__hover=&#8221;center&#8221; background_color_gradient_direction_radial__hover_enabled=&#8221;center&#8221; background_color_gradient_start_position__hover=&#8221;0%&#8221; background_color_gradient_start_position__hover_enabled=&#8221;0%&#8221; background_color_gradient_end_position__hover=&#8221;100%&#8221; background_color_gradient_end_position__hover_enabled=&#8221;100%&#8221; background_color_gradient_overlays_image__hover=&#8221;off&#8221; background_color_gradient_overlays_image__hover_enabled=&#8221;off&#8221; parallax__hover=&#8221;off&#8221; parallax__hover_enabled=&#8221;off&#8221; parallax_method__hover=&#8221;on&#8221; parallax_method__hover_enabled=&#8221;on&#8221; background_size__hover=&#8221;cover&#8221; background_size__hover_enabled=&#8221;cover&#8221; background_position__hover=&#8221;center&#8221; background_position__hover_enabled=&#8221;center&#8221; background_repeat__hover=&#8221;no-repeat&#8221; background_repeat__hover_enabled=&#8221;no-repeat&#8221; background_blend__hover=&#8221;normal&#8221; background_blend__hover_enabled=&#8221;normal&#8221; allow_player_pause__hover=&#8221;off&#8221; allow_player_pause__hover_enabled=&#8221;off&#8221; background_video_pause_outside_viewport__hover=&#8221;on&#8221; background_video_pause_outside_viewport__hover_enabled=&#8221;on&#8221; inner_shadow__hover=&#8221;off&#8221; [&hellip;]<\/p>\n","protected":false},"author":4,"featured_media":0,"parent":0,"menu_order":0,"comment_status":"closed","ping_status":"closed","template":"","meta":{"_et_pb_use_builder":"on","_et_pb_old_content":"[hotel_booking_rooms]","_et_gb_content_width":"","footnotes":""},"class_list":["post-8567","page","type-page","status-publish","hentry"],"_links":{"self":[{"href":"https:\/\/shb.sk\/shb\/wp-json\/wp\/v2\/pages\/8567","targetHints":{"allow":["GET"]}}],"collection":[{"href":"https:\/\/shb.sk\/shb\/wp-json\/wp\/v2\/pages"}],"about":[{"href":"https:\/\/shb.sk\/shb\/wp-json\/wp\/v2\/types\/page"}],"author":[{"embeddable":true,"href":"https:\/\/shb.sk\/shb\/wp-json\/wp\/v2\/users\/4"}],"replies":[{"embeddable":true,"href":"https:\/\/shb.sk\/shb\/wp-json\/wp\/v2\/comments?post=8567"}],"version-history":[{"count":0,"href":"https:\/\/shb.sk\/shb\/wp-json\/wp\/v2\/pages\/8567\/revisions"}],"wp:attachment":[{"href":"https:\/\/shb.sk\/shb\/wp-json\/wp\/v2\/media?parent=8567"}],"curies":[{"name":"wp","href":"https:\/\/api.w.org\/{rel}","templated":true}]}}